{"id":99,"date":"2026-05-03T17:08:56","date_gmt":"2026-05-03T17:08:56","guid":{"rendered":"https:\/\/mcp.esdi.ovh\/index.php\/accueil-bec-skis\/"},"modified":"2026-05-03T19:23:58","modified_gmt":"2026-05-03T19:23:58","slug":"accueil-bec-skis","status":"publish","type":"page","link":"https:\/\/becski.esdi.ovh\/","title":{"rendered":"Accueil \u2014 Bec-Skis"},"content":{"rendered":"\n<div class=\"wp-block-cover alignfull\" style=\"padding-top:96px;padding-right:24px;padding-bottom:96px;padding-left:24px;min-height:620px;aspect-ratio:unset;\"><span aria-hidden=\"true\" class=\"wp-block-cover__background has-background-dim-100 has-background-dim has-background-gradient\" style=\"background:linear-gradient(135deg, #3D2817 0%, #8B3A2E 100%)\"><\/span><div class=\"wp-block-cover__inner-container is-layout-flow wp-block-cover-is-layout-flow\">\n<p class=\"has-text-align-center bec-eyebrow has-text-color\" style=\"color:#C98B5E\">Magasin familial \u00b7 Vercors \u00b7 Depuis 1965<\/p>\n\n\n\n<h1 class=\"wp-block-heading has-text-align-center has-bec-creme-color has-text-color\" style=\"margin-top:16px;font-size:clamp(2.75rem, 6vw, 4.5rem)\">Bienvenue \u00e0 Corren\u00e7on en Vercors !<\/h1>\n\n\n\n<p class=\"has-text-align-center has-text-color\" style=\"color:#FAF4ECDD;margin-top:24px;font-size:clamp(0.875rem, 0.875rem + ((1vw - 0.2rem) * 0.682), 1.25rem);line-height:1.6\">Deux magasins \u00e0 votre service depuis 1965, dans une ambiance sympathique et familiale. Location et achat de mat\u00e9riel de sport d&rsquo;hiver pour tous les niveaux, avec les meilleurs conseils.<\/p>\n\n\n\n<div class=\"wp-block-buttons is-content-justification-center is-layout-flex wp-container-core-buttons-is-layout-9cfa03c9 wp-block-buttons-is-layout-flex\" style=\"margin-top:40px\">\n<div class=\"wp-block-button\"><a class=\"wp-block-button__link has-bec-bois-color has-bec-pin-background-color has-text-color has-background has-custom-font-size wp-element-button\" href=\"https:\/\/locski.com\/\" style=\"padding-top:18px;padding-right:36px;padding-bottom:18px;padding-left:36px;font-size:clamp(0.875rem, 0.875rem + ((1vw - 0.2rem) * 0.318), 1.05rem);\" target=\"_blank\" rel=\"noopener\">R\u00e9server mon mat\u00e9riel<\/a><\/div>\n\n\n\n<div class=\"wp-block-button has-custom-font-size is-style-outline is-style-outline--1\"><a class=\"wp-block-button__link has-bec-creme-color has-text-color has-custom-font-size wp-element-button\" href=\"\/index.php\/nos-services\/\" style=\"border-width:2px;padding-top:18px;padding-right:36px;padding-bottom:18px;padding-left:36px;font-size:clamp(0.875rem, 0.875rem + ((1vw - 0.2rem) * 0.318), 1.05rem);\">Voir nos services<\/a><\/div>\n<\/div>\n<\/div><\/div>\n\n\n\n<div class=\"wp-block-group alignfull has-background has-global-padding is-layout-constrained wp-container-core-group-is-layout-eda38f95 wp-block-group-is-layout-constrained\" style=\"background-color:#FAF4EC;padding-top:96px;padding-right:24px;padding-bottom:96px;padding-left:24px\">\n<div class=\"wp-block-columns are-vertically-aligned-center is-layout-flex wp-container-core-columns-is-layout-4a938530 wp-block-columns-is-layout-flex\">\n<div class=\"wp-block-column is-vertically-aligned-center is-layout-flow wp-block-column-is-layout-flow\">\n<div class=\"wp-block-cover\" style=\"border-radius:16px;min-height:420px;aspect-ratio:unset;\"><span aria-hidden=\"true\" class=\"wp-block-cover__background has-background-dim-100 has-background-dim has-background-gradient\" style=\"background:linear-gradient(135deg, #F2EADC 0%, #C98B5E 100%)\"><\/span><div class=\"wp-block-cover__inner-container is-layout-flow wp-block-cover-is-layout-flow\">\n<figure class=\"wp-block-gallery has-nested-images columns-default is-cropped wp-block-gallery-2 is-layout-flex wp-block-gallery-is-layout-flex\"><\/figure>\n<\/div><\/div>\n<\/div>\n\n\n\n<div class=\"wp-block-column is-vertically-aligned-center is-layout-flow wp-block-column-is-layout-flow\">\n<p class=\"bec-eyebrow\">Notre histoire<\/p>\n\n\n\n<h2 class=\"wp-block-heading\" style=\"margin-top:12px;margin-bottom:24px;font-size:clamp(1.502rem, 1.502rem + ((1vw - 0.2rem) * 1.815), 2.5rem);\">Le mat\u00e9riel de sport d&rsquo;hiver, en famille<\/h2>\n\n\n\n<p>Deux magasins \u00e0 votre service depuis 1965 vous accueillent dans une ambiance sympathique et familiale pour la <strong>location et l&rsquo;achat de votre mat\u00e9riel de sport d&rsquo;hiver<\/strong> : skis alpin et fond, t\u00e9l\u00e9mark, randonn\u00e9e, snowboard, raquettes, luges\u2026 pour tous les niveaux et avec les meilleurs conseils.<\/p>\n\n\n\n<p>Pour plus de plaisir et de s\u00e9curit\u00e9, d\u00e9couvrez \u00e9galement notre gamme d&rsquo;accessoires : gants, masques, lunettes, casques, sac \u00e0 dos, raquettes, chaussettes\u2026<\/p>\n\n\n\n<p class=\"has-text-color\" style=\"color:#4A5D3A;margin-top:16px;font-style:italic\">Syst\u00e8me de location sous logiciel performant <strong>(easyrent)<\/strong> avec valeur de r\u00e9glage des fixations pour plus de s\u00e9curit\u00e9.<\/p>\n<\/div>\n<\/div>\n<\/div>\n\n\n\n<div class=\"wp-block-group alignfull has-global-padding is-layout-constrained wp-container-core-group-is-layout-14d8a1aa wp-block-group-is-layout-constrained\" style=\"padding-top:32px;padding-right:24px;padding-bottom:32px;padding-left:24px\">\n<div class=\"wp-block-group has-bec-creme-color has-bec-bois-background-color has-text-color has-background has-global-padding is-layout-constrained wp-container-core-group-is-layout-9cd7f3df wp-block-group-is-layout-constrained\" style=\"border-radius:24px;padding-top:64px;padding-right:48px;padding-bottom:64px;padding-left:48px\">\n<div class=\"wp-block-columns are-vertically-aligned-center is-layout-flex wp-container-core-columns-is-layout-dfcdbb8e wp-block-columns-is-layout-flex\">\n<div class=\"wp-block-column is-vertically-aligned-center is-layout-flow wp-block-column-is-layout-flow\" style=\"flex-basis:40%\">\n<p class=\"bec-pin-accent\" style=\"font-size:clamp(2.2rem, 2.2rem + ((1vw - 0.2rem) * 3.273), 4rem);line-height:1\">LOCFLEX<\/p>\n\n\n\n<p class=\"has-text-color\" style=\"color:#C98B5E;margin-top:12px;font-size:0.85rem;font-weight:600;letter-spacing:0.15em;text-transform:uppercase\"><svg xmlns=\"http:\/\/www.w3.org\/2000\/svg\" viewBox=\"0 0 24 24\" stroke=\"currentColor\" stroke-width=\"2\" fill=\"none\" stroke-linecap=\"round\" stroke-linejoin=\"round\" class=\"esdi-icon\" style=\"width:14px;height:14px;color:currentColor;display:inline-block;vertical-align:middle;flex-shrink:0;\" aria-hidden=\"true\" focusable=\"false\"><g fill=\"none\" stroke=\"currentColor\" stroke-linecap=\"round\" stroke-linejoin=\"round\" stroke-width=\"2\"><circle cx=\"12\" cy=\"12\" r=\"10\"\/><path d=\"M12 16v-4m0-4h.01\"\/><\/g><\/svg> Bon \u00e0 savoir<\/p>\n<\/div>\n\n\n\n<div class=\"wp-block-column is-vertically-aligned-center is-layout-flow wp-block-column-is-layout-flow\">\n<p style=\"font-size:clamp(0.875rem, 0.875rem + ((1vw - 0.2rem) * 0.5), 1.15rem);line-height:1.7\">Plus de 1\/2 journ\u00e9e \u00e0 heure fixe : remplac\u00e9e par <strong>4h00 de location cons\u00e9cutives \u00e0 l&rsquo;heure de votre choix<\/strong>, sur toutes les locations.<\/p>\n\n\n<\/div>\n<\/div>\n<\/div>\n<\/div>\n\n\n\n<div class=\"wp-block-group alignfull has-global-padding is-layout-constrained wp-container-core-group-is-layout-eda38f95 wp-block-group-is-layout-constrained\" style=\"padding-top:96px;padding-right:24px;padding-bottom:96px;padding-left:24px\">\n<p class=\"has-text-align-center bec-eyebrow\">Notre mat\u00e9riel<\/p>\n\n\n\n<h2 class=\"wp-block-heading has-text-align-center\" style=\"margin-top:12px;margin-bottom:16px;font-size:clamp(1.502rem, 1.502rem + ((1vw - 0.2rem) * 1.815), 2.5rem);\">Tout l&rsquo;\u00e9quipement de la montagne<\/h2>\n\n\n\n<p class=\"has-text-align-center has-text-color\" style=\"color:#3D281799;margin-bottom:56px\">Du d\u00e9butant au passionn\u00e9 \u2014 pour la location ou l&rsquo;achat, en toute s\u00e9curit\u00e9.<\/p>\n\n\n\n<div class=\"wp-block-columns is-layout-flex wp-container-core-columns-is-layout-13e2ef3f wp-block-columns-is-layout-flex\">\n<div class=\"wp-block-column bec-card is-layout-flow wp-block-column-is-layout-flow\">\n<p class=\"bec-icon\"><svg xmlns=\"http:\/\/www.w3.org\/2000\/svg\" viewBox=\"0 0 256 256\" stroke=\"currentColor\" stroke-width=\"2\" fill=\"none\" stroke-linecap=\"round\" stroke-linejoin=\"round\" class=\"esdi-icon\" style=\"width:56px;height:56px;color:currentColor;display:inline-block;vertical-align:middle;flex-shrink:0;\" aria-hidden=\"true\" focusable=\"false\"><path fill=\"currentColor\" d=\"M176 92a32 32 0 1 0-32-32a32 32 0 0 0 32 32m0-40a8 8 0 1 1-8 8a8 8 0 0 1 8-8M28.48 80.64a12 12 0 0 1 14.88-8.16l67.5 19.68l8.66-8.65a12 12 0 0 1 17 0L165 112h35a12 12 0 0 1 0 24h-40a12 12 0 0 1-8.48-3.51l-4.89-4.89l-110-32.07a12 12 0 0 1-8.15-14.89m210.17 130.93A73.77 73.77 0 0 1 177 221L20.65 175.51a12 12 0 1 1 6.71-23l79.92 23.27l13.81-13.81l-36.39-10.44a12 12 0 1 1 6.6-23.07l56 16a12 12 0 0 1 5.19 20l-18.93 18.94l50.1 14.6a49.81 49.81 0 0 0 41.68-6.39a12 12 0 0 1 13.31 20Z\"\/><\/svg><\/p>\n\n\n\n<h3 class=\"wp-block-heading\">Ski alpin<\/h3>\n\n\n\n<p>Tous niveaux, du pack d\u00e9butant au mat\u00e9riel performance, avec r\u00e9glage s\u00e9curit\u00e9 des fixations.<\/p>\n<\/div>\n\n\n\n<div class=\"wp-block-column bec-card is-layout-flow wp-block-column-is-layout-flow\">\n<p class=\"bec-icon\"><svg xmlns=\"http:\/\/www.w3.org\/2000\/svg\" viewBox=\"0 0 256 256\" stroke=\"currentColor\" stroke-width=\"2\" fill=\"none\" stroke-linecap=\"round\" stroke-linejoin=\"round\" class=\"esdi-icon\" style=\"width:56px;height:56px;color:currentColor;display:inline-block;vertical-align:middle;flex-shrink:0;\" aria-hidden=\"true\" focusable=\"false\"><path fill=\"currentColor\" d=\"M152 84a36 36 0 1 0-36-36a36 36 0 0 0 36 36m0-48a12 12 0 1 1-12 12a12 12 0 0 1 12-12m68 112a12 12 0 0 1-12 12c-37 0-55.27-18.47-70-33.3c-1.71-1.72-3.36-3.4-5-5l-8.63 19.85L159 166.23a12 12 0 0 1 5 9.77v56a12 12 0 0 1-24 0v-49.83l-25.37-18.12L83 236.78a12 12 0 1 1-22-9.57l50.06-115.13q-10.64.75-25 8.4a159.8 159.8 0 0 0-29.83 21.23a12 12 0 0 1-16.43-17.5c2.61-2.45 64.36-59.67 104.09-25.18c3.94 3.42 7.64 7.16 11.22 10.78C168.43 123.28 181 136 208 136a12 12 0 0 1 12 12\"\/><\/svg><\/p>\n\n\n\n<h3 class=\"wp-block-heading\">Ski de fond<\/h3>\n\n\n\n<p>Skating ou classique, pour d\u00e9couvrir les pistes nordiques du plateau du Vercors.<\/p>\n<\/div>\n\n\n\n<div class=\"wp-block-column bec-card is-layout-flow wp-block-column-is-layout-flow\">\n<p class=\"bec-icon\"><svg xmlns=\"http:\/\/www.w3.org\/2000\/svg\" viewBox=\"0 0 256 256\" stroke=\"currentColor\" stroke-width=\"2\" fill=\"none\" stroke-linecap=\"round\" stroke-linejoin=\"round\" class=\"esdi-icon\" style=\"width:56px;height:56px;color:currentColor;display:inline-block;vertical-align:middle;flex-shrink:0;\" aria-hidden=\"true\" focusable=\"false\"><path fill=\"currentColor\" d=\"M168 80a32 32 0 1 0-32-32a32 32 0 0 0 32 32m0-40a8 8 0 1 1-8 8a8 8 0 0 1 8-8m51.38 68.48l-136-40a12 12 0 0 0-6.77 23L112.25 102l-28.64 43L44 133.27a30.79 30.79 0 0 0-27.38 4.94A31.18 31.18 0 0 0 4 163.39a31.53 31.53 0 0 0 22.43 30.11L180 238.71a31.23 31.23 0 0 0 40-30.11a31.52 31.52 0 0 0-22.44-30.11l-39.74-11.7L170 148.68a12 12 0 0 0-6.62-18.21l-34.56-10l7.58-11.38l76.25 22.43a12 12 0 1 0 6.77-23ZM196 208.6a7.36 7.36 0 0 1-3 6a6.92 6.92 0 0 1-6.23 1.13L33.21 170.48A7.46 7.46 0 0 1 31 157.42a7 7 0 0 1 6.23-1.13l153.59 45.22a7.39 7.39 0 0 1 5.18 7.09M140.88 149l-7.2 10.73l-26-7.64l7.1-10.64Z\"\/><\/svg><\/p>\n\n\n\n<h3 class=\"wp-block-heading\">Snowboard<\/h3>\n\n\n\n<p>Boards et boots adapt\u00e9s \u00e0 tous les styles, freestyle ou freeride.<\/p>\n<\/div>\n<\/div>\n\n\n\n<div class=\"wp-block-columns is-layout-flex wp-container-core-columns-is-layout-ee461da4 wp-block-columns-is-layout-flex\" style=\"margin-top:24px\">\n<div class=\"wp-block-column bec-card is-layout-flow wp-block-column-is-layout-flow\">\n<p class=\"bec-icon\"><svg xmlns=\"http:\/\/www.w3.org\/2000\/svg\" viewBox=\"0 0 256 256\" stroke=\"currentColor\" stroke-width=\"2\" fill=\"none\" stroke-linecap=\"round\" stroke-linejoin=\"round\" class=\"esdi-icon\" style=\"width:56px;height:56px;color:currentColor;display:inline-block;vertical-align:middle;flex-shrink:0;\" aria-hidden=\"true\" focusable=\"false\"><path fill=\"currentColor\" d=\"M152 84a36 36 0 1 0-36-36a36 36 0 0 0 36 36m0-48a12 12 0 1 1-12 12a12 12 0 0 1 12-12m52 108v88a12 12 0 0 1-24 0v-76.76c-24.92-3.37-33.94-17.29-41.38-28.76c-1.55-2.39-3.05-4.71-4.67-6.88l-9.54 22L159 166.23a12 12 0 0 1 5 9.77v56a12 12 0 0 1-24 0v-49.83l-25.37-18.12L83 236.78a12 12 0 1 1-22-9.57L118.52 94.9A12 12 0 0 1 135 89a45.5 45.5 0 0 1 8.84 6c6.78 5.89 11.09 12.53 14.89 18.39C166.27 125 170.8 132 192 132a12 12 0 0 1 12 12m-139.4 9.88L39.27 143A12 12 0 0 1 33 127.27l24-56A12 12 0 0 1 72.73 65l25.61 11a12 12 0 1 1-9.45 22L74.3 91.76L59.76 125.7l14.29 6.12a12 12 0 1 1-9.45 22.06\"\/><\/svg><\/p>\n\n\n\n<h3 class=\"wp-block-heading\">Raquettes<\/h3>\n\n\n\n<p>Pour les balades en for\u00eat et les randonn\u00e9es en hors-piste l\u00e9ger, en toute s\u00e9r\u00e9nit\u00e9.<\/p>\n<\/div>\n\n\n\n<div class=\"wp-block-column bec-card is-layout-flow wp-block-column-is-layout-flow\">\n<p class=\"bec-icon\"><svg xmlns=\"http:\/\/www.w3.org\/2000\/svg\" viewBox=\"0 0 256 256\" stroke=\"currentColor\" stroke-width=\"2\" fill=\"none\" stroke-linecap=\"round\" stroke-linejoin=\"round\" class=\"esdi-icon\" style=\"width:56px;height:56px;color:currentColor;display:inline-block;vertical-align:middle;flex-shrink:0;\" aria-hidden=\"true\" focusable=\"false\"><path fill=\"currentColor\" d=\"M160 80a32 32 0 1 0-32-32a32 32 0 0 0 32 32m0-40a8 8 0 1 1-8 8a8 8 0 0 1 8-8m94.32 153.88l-54.56-92.08a19.85 19.85 0 0 0-17.21-9.8a19.83 19.83 0 0 0-17.2 9.8l-18.7 31.55l-37.42-63.5a20 20 0 0 0-34.46 0L1.66 193.91A12 12 0 0 0 12 212h232a12 12 0 0 0 10.32-18.12M92 87.87L108.57 116H75.43ZM33 188l28.28-48h61.44L151 188Zm145.86 0l-18.3-31l22-37.1l40.38 68.1Z\"\/><\/svg><\/p>\n\n\n\n<h3 class=\"wp-block-heading\">Ski de randonn\u00e9e &amp; t\u00e9l\u00e9mark<\/h3>\n\n\n\n<p>Mat\u00e9riel l\u00e9ger et technique pour partir explorer les sommets du Vercors.<\/p>\n<\/div>\n\n\n\n<div class=\"wp-block-column bec-card is-layout-flow wp-block-column-is-layout-flow\">\n<p class=\"bec-icon\"><svg xmlns=\"http:\/\/www.w3.org\/2000\/svg\" viewBox=\"0 0 24 24\" stroke=\"currentColor\" stroke-width=\"2\" fill=\"none\" stroke-linecap=\"round\" stroke-linejoin=\"round\" class=\"esdi-icon\" style=\"width:56px;height:56px;color:currentColor;display:inline-block;vertical-align:middle;flex-shrink:0;\" aria-hidden=\"true\" focusable=\"false\"><path fill=\"none\" stroke=\"currentColor\" stroke-linecap=\"round\" stroke-linejoin=\"round\" stroke-width=\"2\" d=\"M3 19h15a4 4 0 0 0 4-4m-6 0H7a4 4 0 0 1-4-4V5l1.243 1.243A6 6 0 0 0 8.485 8H12v2a2 2 0 0 0 2 2h.5a1.5 1.5 0 0 0 1.5-1.5a1.5 1.5 0 0 1 3 0V12a3 3 0 0 1-3 3m-1 0v4m-8-4v4\"\/><\/svg><\/p>\n\n\n\n<h3 class=\"wp-block-heading\">Luges &amp; accessoires<\/h3>\n\n\n\n<p>Luges, gants, masques, lunettes, casques, sac \u00e0 dos, chaussettes \u2014 tout l&rsquo;\u00e9quipement.<\/p>\n<\/div>\n<\/div>\n<\/div>\n\n\n\n<div class=\"wp-block-cover alignfull\" style=\"padding-top:96px;padding-right:24px;padding-bottom:96px;padding-left:24px;min-height:420px;aspect-ratio:unset;\"><span aria-hidden=\"true\" class=\"wp-block-cover__background has-background-dim-100 has-background-dim has-background-gradient\" style=\"background:linear-gradient(135deg, #4A5D3A 0%, #3D2817 100%)\"><\/span><div class=\"wp-block-cover__inner-container is-layout-flow wp-block-cover-is-layout-flow\">\n<p class=\"has-text-align-center bec-eyebrow has-text-color\" style=\"color:#C98B5E\">Randonn\u00e9e nordique &amp; alpine<\/p>\n\n\n\n<h2 class=\"wp-block-heading has-text-align-center has-bec-creme-color has-text-color\" style=\"margin-top:16px;font-size:clamp(2rem, 4.5vw, 3.25rem);font-style:italic;font-weight:500\">\u00ab Sortez des pistes trac\u00e9es pour plus d&rsquo;aventures\u2026 \u00bb<\/h2>\n\n\n\n<p class=\"has-text-align-center has-text-color\" style=\"color:#FAF4ECDD;margin-top:24px;font-size:clamp(0.875rem, 0.875rem + ((1vw - 0.2rem) * 0.5), 1.15rem);line-height:1.7\">Le Vercors regorge d&rsquo;itin\u00e9raires nordiques et alpins. Notre \u00e9quipe vous \u00e9quipe et vous conseille pour partir en toute s\u00e9curit\u00e9 \u2014 peaux de phoque, raquettes ou skis de fond, \u00e0 vous de choisir l&rsquo;aventure.<\/p>\n\n\n\n<div class=\"wp-block-buttons is-content-justification-center is-layout-flex wp-container-core-buttons-is-layout-e7f25eb7 wp-block-buttons-is-layout-flex\" style=\"margin-top:32px\">\n<div class=\"wp-block-button\"><a class=\"wp-block-button__link has-bec-bois-color has-bec-pin-background-color has-text-color has-background wp-element-button\" href=\"\/index.php\/partenaires\/\">D\u00e9couvrir la randonn\u00e9e<\/a><\/div>\n<\/div>\n<\/div><\/div>\n\n\n\n<div class=\"wp-block-group alignfull has-bec-creme-2-background-color has-background has-global-padding is-layout-constrained wp-container-core-group-is-layout-eda38f95 wp-block-group-is-layout-constrained\" style=\"padding-top:96px;padding-right:24px;padding-bottom:96px;padding-left:24px\">\n<p class=\"has-text-align-center bec-eyebrow\">Nous trouver<\/p>\n\n\n\n<h2 class=\"wp-block-heading has-text-align-center\" style=\"margin-top:12px;margin-bottom:16px;font-size:clamp(1.502rem, 1.502rem + ((1vw - 0.2rem) * 1.815), 2.5rem);\">Deux magasins \u00e0 votre service<\/h2>\n\n\n\n<p class=\"has-text-align-center has-text-color\" style=\"color:#3D281799;margin-bottom:56px\">\u00c0 Corren\u00e7on-en-Vercors, \u00e0 100m de la zone d\u00e9butante et du jardin de neige \u00ab Les Pious-Pious \u00bb.<\/p>\n\n\n\n<div class=\"wp-block-columns is-layout-flex wp-container-core-columns-is-layout-67c09cde wp-block-columns-is-layout-flex\">\n<div class=\"wp-block-column bec-card is-layout-flow wp-block-column-is-layout-flow\">\n<p class=\"bec-eyebrow\">Magasin \u00b7 Le Village<\/p>\n\n\n\n<h3 class=\"wp-block-heading\" style=\"margin-top:8px;margin-bottom:20px\">Horaires<\/h3>\n\n\n\n<p><strong>Vacances scolaires &amp; week-end<\/strong><br>8h30 \u2192 19h00<\/p>\n\n\n\n<p><strong>Semaine hors vacances<\/strong><br>8h30 \u2192 12h00 \u00b7 13h30 \u2192 18h00<\/p>\n\n\n\n<p class=\"has-text-color\" style=\"color:#3D281777;margin-top:16px;font-size:clamp(0.875rem, 0.875rem + ((1vw - 0.2rem) * 0.045), 0.9rem);font-style:italic\"><svg xmlns=\"http:\/\/www.w3.org\/2000\/svg\" viewBox=\"0 0 24 24\" stroke=\"currentColor\" stroke-width=\"2\" fill=\"none\" stroke-linecap=\"round\" stroke-linejoin=\"round\" class=\"esdi-icon\" style=\"width:16px;height:16px;color:currentColor;display:inline-block;vertical-align:middle;flex-shrink:0;\" aria-hidden=\"true\" focusable=\"false\"><path fill=\"none\" stroke=\"currentColor\" stroke-linecap=\"round\" stroke-linejoin=\"round\" stroke-width=\"2\" d=\"M13.832 16.568a1 1 0 0 0 1.213-.303l.355-.465A2 2 0 0 1 17 15h3a2 2 0 0 1 2 2v3a2 2 0 0 1-2 2A18 18 0 0 1 2 4a2 2 0 0 1 2-2h3a2 2 0 0 1 2 2v3a2 2 0 0 1-.8 1.6l-.468.351a1 1 0 0 0-.292 1.233a14 14 0 0 0 6.392 6.384\"\/><\/svg> 04 76 85 45 86<\/p>\n<\/div>\n\n\n\n<div class=\"wp-block-column bec-card is-layout-flow wp-block-column-is-layout-flow\">\n<p class=\"bec-eyebrow\">Magasin \u00b7 Clos de la Balme<\/p>\n\n\n\n<h3 class=\"wp-block-heading\" style=\"margin-top:8px;margin-bottom:20px\">Horaires<\/h3>\n\n\n\n<p><strong>Vacances scolaires &amp; week-end<\/strong><br>8h30 \u2192 19h00<\/p>\n\n\n\n<p><strong>Semaine hors vacances<\/strong><br>8h30 \u2192 12h00 \u00b7 13h00 \u2192 17h30<\/p>\n\n\n\n<p class=\"has-text-color\" style=\"color:#3D281777;margin-top:16px;font-size:clamp(0.875rem, 0.875rem + ((1vw - 0.2rem) * 0.045), 0.9rem);font-style:italic\"><svg xmlns=\"http:\/\/www.w3.org\/2000\/svg\" viewBox=\"0 0 24 24\" stroke=\"currentColor\" stroke-width=\"2\" fill=\"none\" stroke-linecap=\"round\" stroke-linejoin=\"round\" class=\"esdi-icon\" style=\"width:16px;height:16px;color:currentColor;display:inline-block;vertical-align:middle;flex-shrink:0;\" aria-hidden=\"true\" focusable=\"false\"><path fill=\"none\" stroke=\"currentColor\" stroke-linecap=\"round\" stroke-linejoin=\"round\" stroke-width=\"2\" d=\"M13.832 16.568a1 1 0 0 0 1.213-.303l.355-.465A2 2 0 0 1 17 15h3a2 2 0 0 1 2 2v3a2 2 0 0 1-2 2A18 18 0 0 1 2 4a2 2 0 0 1 2-2h3a2 2 0 0 1 2 2v3a2 2 0 0 1-.8 1.6l-.468.351a1 1 0 0 0-.292 1.233a14 14 0 0 0 6.392 6.384\"\/><\/svg> 04 76 85 45 86<\/p>\n<\/div>\n<\/div>\n\n\n\n<p class=\"has-text-align-center has-text-color\" style=\"color:#3D281777;margin-top:32px;font-size:clamp(0.875rem, 0.875rem + ((1vw - 0.2rem) * 0.045), 0.9rem);font-style:italic\">Ces horaires sont susceptibles de varier.<\/p>\n<\/div>\n\n\n\n<div class=\"wp-block-group alignfull has-background has-global-padding is-layout-constrained wp-container-core-group-is-layout-eda38f95 wp-block-group-is-layout-constrained\" style=\"background-color:#FAF4EC;padding-top:96px;padding-right:24px;padding-bottom:96px;padding-left:24px\">\n<div class=\"wp-block-columns are-vertically-aligned-center is-layout-flex wp-container-core-columns-is-layout-4a938530 wp-block-columns-is-layout-flex\">\n<div class=\"wp-block-column is-vertically-aligned-center is-layout-flow wp-block-column-is-layout-flow\">\n<p class=\"bec-eyebrow\">Une question ?<\/p>\n\n\n\n<h2 class=\"wp-block-heading\" style=\"margin-top:12px;margin-bottom:24px;font-size:clamp(1.502rem, 1.502rem + ((1vw - 0.2rem) * 1.815), 2.5rem);\">Contactez-nous<\/h2>\n\n\n\n<p>Notre \u00e9quipe vous accueille en magasin et r\u00e9pond \u00e0 vos questions par t\u00e9l\u00e9phone ou email. N&rsquo;h\u00e9sitez pas \u2014 on prend le temps de bien faire les choses.<\/p>\n\n\n\n<div class=\"wp-block-buttons is-layout-flex wp-block-buttons-is-layout-flex\" style=\"margin-top:24px\">\n<div class=\"wp-block-button\"><a class=\"wp-block-button__link wp-element-button\" href=\"\/index.php\/contact\/\">Nous contacter<\/a><\/div>\n\n\n\n<div class=\"wp-block-button is-style-outline is-style-outline--3\"><a class=\"wp-block-button__link has-bec-bois-color has-text-color wp-element-button\" href=\"\/index.php\/acces\/\" style=\"border-width:2px\">Voir l&rsquo;acc\u00e8s<\/a><\/div>\n<\/div>\n<\/div>\n\n\n\n<div class=\"wp-block-column is-vertically-aligned-center is-layout-flow wp-block-column-is-layout-flow\">\n<div class=\"wp-block-group bec-card is-layout-flow wp-block-group-is-layout-flow\" style=\"padding-top:40px;padding-right:40px;padding-bottom:40px;padding-left:40px\">\n<p class=\"bec-eyebrow\">Bec-Skis \u00b7 Le Village<\/p>\n\n\n\n<p style=\"margin-top:12px;font-size:clamp(0.875rem, 0.875rem + ((1vw - 0.2rem) * 0.318), 1.05rem);\"><strong>Magasin Sport Bec-Skis<\/strong><br>Le Village \u2014 38250 Corren\u00e7on<\/p>\n\n\n\n<p><svg xmlns=\"http:\/\/www.w3.org\/2000\/svg\" viewBox=\"0 0 24 24\" stroke=\"currentColor\" stroke-width=\"2\" fill=\"none\" stroke-linecap=\"round\" stroke-linejoin=\"round\" class=\"esdi-icon\" style=\"width:18px;height:18px;color:currentColor;display:inline-block;vertical-align:middle;flex-shrink:0;\" aria-hidden=\"true\" focusable=\"false\"><path fill=\"none\" stroke=\"currentColor\" stroke-linecap=\"round\" stroke-linejoin=\"round\" stroke-width=\"2\" d=\"M13.832 16.568a1 1 0 0 0 1.213-.303l.355-.465A2 2 0 0 1 17 15h3a2 2 0 0 1 2 2v3a2 2 0 0 1-2 2A18 18 0 0 1 2 4a2 2 0 0 1 2-2h3a2 2 0 0 1 2 2v3a2 2 0 0 1-.8 1.6l-.468.351a1 1 0 0 0-.292 1.233a14 14 0 0 0 6.392 6.384\"\/><\/svg> <strong>04 76 85 45 86<\/strong><br><svg xmlns=\"http:\/\/www.w3.org\/2000\/svg\" viewBox=\"0 0 24 24\" stroke=\"currentColor\" stroke-width=\"2\" fill=\"none\" stroke-linecap=\"round\" stroke-linejoin=\"round\" class=\"esdi-icon\" style=\"width:18px;height:18px;color:currentColor;display:inline-block;vertical-align:middle;flex-shrink:0;\" aria-hidden=\"true\" focusable=\"false\"><g fill=\"none\" stroke=\"currentColor\" stroke-linecap=\"round\" stroke-linejoin=\"round\" stroke-width=\"2\"><path d=\"m22 7l-8.991 5.727a2 2 0 0 1-2.009 0L2 7\"\/><rect x=\"2\" y=\"4\" rx=\"2\"\/><\/g><\/svg> bec-skis(at)club-internet.fr<\/p>\n\n\n\n<hr class=\"wp-block-separator has-text-color has-alpha-channel-opacity has-background has-css-opacity\" style=\"background-color:#E8DCC4;color:#E8DCC4\"\/>\n\n\n\n<p class=\"bec-eyebrow\">Aussi g\u00eetes Famille Bec<\/p>\n\n\n\n<p style=\"margin-top:8px\">Loueur de g\u00eetes labellis\u00e9s <em>G\u00eetes de France<\/em><br>\ud83d\udcde 04 76 95 84 18<br><svg xmlns=\"http:\/\/www.w3.org\/2000\/svg\" viewBox=\"0 0 24 24\" stroke=\"currentColor\" stroke-width=\"2\" fill=\"none\" stroke-linecap=\"round\" stroke-linejoin=\"round\" class=\"esdi-icon\" style=\"width:16px;height:16px;color:currentColor;display:inline-block;vertical-align:middle;flex-shrink:0;\" aria-hidden=\"true\" focusable=\"false\"><g fill=\"none\" stroke=\"currentColor\" stroke-linecap=\"round\" stroke-linejoin=\"round\" stroke-width=\"2\"><circle cx=\"12\" cy=\"12\" r=\"10\"\/><path d=\"M12 2a14.5 14.5 0 0 0 0 20a14.5 14.5 0 0 0 0-20M2 12h20\"\/><\/g><\/svg> <a href=\"http:\/\/www.gites-vercors.com\/\" target=\"_blank\" rel=\"noopener\">gites-vercors.com<\/a><\/p>\n<\/div>\n<\/div>\n<\/div>\n<\/div>\n","protected":false},"excerpt":{"rendered":"<p>Notre histoire Le mat\u00e9riel de sport d&rsquo;hiver, en famille Deux magasins \u00e0 votre service depuis 1965 vous accueillent dans une ambiance sympathique et familiale pour la location et l&rsquo;achat de votre mat\u00e9riel de sport d&rsquo;hiver : skis alpin et fond, t\u00e9l\u00e9mark, randonn\u00e9e, snowboard, raquettes, luges\u2026 pour tous les niveaux et avec les meilleurs conseils. Pour [&hellip;]<\/p>\n","protected":false},"author":2,"featured_media":0,"parent":0,"menu_order":0,"comment_status":"closed","ping_status":"closed","template":"page-no-title","meta":{"footnotes":""},"class_list":["post-99","page","type-page","status-publish","hentry"],"_links":{"self":[{"href":"https:\/\/becski.esdi.ovh\/index.php\/wp-json\/wp\/v2\/pages\/99","targetHints":{"allow":["GET"]}}],"collection":[{"href":"https:\/\/becski.esdi.ovh\/index.php\/wp-json\/wp\/v2\/pages"}],"about":[{"href":"https:\/\/becski.esdi.ovh\/index.php\/wp-json\/wp\/v2\/types\/page"}],"author":[{"embeddable":true,"href":"https:\/\/becski.esdi.ovh\/index.php\/wp-json\/wp\/v2\/users\/2"}],"replies":[{"embeddable":true,"href":"https:\/\/becski.esdi.ovh\/index.php\/wp-json\/wp\/v2\/comments?post=99"}],"version-history":[{"count":8,"href":"https:\/\/becski.esdi.ovh\/index.php\/wp-json\/wp\/v2\/pages\/99\/revisions"}],"predecessor-version":[{"id":122,"href":"https:\/\/becski.esdi.ovh\/index.php\/wp-json\/wp\/v2\/pages\/99\/revisions\/122"}],"wp:attachment":[{"href":"https:\/\/becski.esdi.ovh\/index.php\/wp-json\/wp\/v2\/media?parent=99"}],"curies":[{"name":"wp","href":"https:\/\/api.w.org\/{rel}","templated":true}]}}