{"id":145,"date":"2026-05-04T20:43:29","date_gmt":"2026-05-04T20:43:29","guid":{"rendered":"https:\/\/becski.esdi.ovh\/index.php\/mentions-legales\/"},"modified":"2026-05-04T20:43:29","modified_gmt":"2026-05-04T20:43:29","slug":"mentions-legales","status":"publish","type":"page","link":"https:\/\/becski.esdi.ovh\/index.php\/mentions-legales\/","title":{"rendered":"Mentions l\u00e9gales"},"content":{"rendered":"<!-- ============= HERO court ============= -->\n\n<div class=\"wp-block-cover alignfull\" style=\"padding-top:80px;padding-right:24px;padding-bottom:80px;padding-left:24px;min-height:320px;aspect-ratio:unset;\"><span aria-hidden=\"true\" class=\"wp-block-cover__background has-background-dim-100 has-background-dim has-background-gradient\" style=\"background:linear-gradient(135deg, #3D2817 0%, #4A5D3A 100%)\"><\/span><div class=\"wp-block-cover__inner-container is-layout-flow wp-block-cover-is-layout-flow\">\n<p class=\"has-text-align-center bec-eyebrow has-text-color\" style=\"color:#C98B5E\">Informations l\u00e9gales<\/p>\n\n\n\n<h1 class=\"wp-block-heading has-text-align-center has-bec-creme-color has-text-color\" style=\"margin-top:16px;font-size:clamp(2.25rem, 5vw, 3.5rem)\">Mentions l\u00e9gales<\/h1>\n<\/div><\/div>\n\n\n<!-- ============= CONTENU ============= -->\n\n<div class=\"wp-block-group alignfull has-background has-global-padding is-layout-constrained wp-container-core-group-is-layout-31954899 wp-block-group-is-layout-constrained\" style=\"background-color:#FAF4EC;padding-top:96px;padding-right:24px;padding-bottom:96px;padding-left:24px\">\n\n<!-- \u00c9dition -->\n\n<h2 class=\"wp-block-heading\" style=\"margin-top:0;margin-bottom:16px;font-size:clamp(0.984rem, 0.984rem + ((1vw - 0.2rem) * 0.938), 1.5rem);\">\u00c9dition<\/h2>\n\n\n\n<p>Ce site est \u00e9dit\u00e9 par <strong>M. BEC<\/strong>, Le Village \u2014 38250 Corren\u00e7on-en-Vercors, France.<br>T\u00e9l\u00e9phone&nbsp;: <a href=\"tel:+33476854586\">04 76 85 45 86<\/a><br>Email&nbsp;: <a href=\"mailto:bec-skis@club-internet.fr\">bec-skis@club-internet.fr<\/a><\/p>\n\n\n<!-- H\u00e9bergement & r\u00e9alisation -->\n\n<h2 class=\"wp-block-heading\" style=\"margin-top:48px;margin-bottom:16px;font-size:clamp(0.984rem, 0.984rem + ((1vw - 0.2rem) * 0.938), 1.5rem);\">R\u00e9alisation et h\u00e9bergement du site<\/h2>\n\n\n\n<p><strong>Soci\u00e9t\u00e9 ESDI<\/strong>, 6 Hameau d&rsquo;Herbefin, 73480 Lanslebourg.<br>T\u00e9l\u00e9phone&nbsp;: <a href=\"tel:+33479059420\">04 79 05 94 20<\/a><br>Site&nbsp;: <a href=\"https:\/\/esdi.pro\" target=\"_blank\" rel=\"noopener\">esdi.pro<\/a><\/p>\n\n\n<!-- Responsabilit\u00e9 -->\n\n<h2 class=\"wp-block-heading\" style=\"margin-top:48px;margin-bottom:16px;font-size:clamp(0.984rem, 0.984rem + ((1vw - 0.2rem) * 0.938), 1.5rem);\">Responsabilit\u00e9<\/h2>\n\n\n\n<p>Le propri\u00e9taire assume seul la responsabilit\u00e9 des informations et prestations propos\u00e9es sur ce site. Les prix indiqu\u00e9s y sont mentionn\u00e9s \u00e0 titre indicatif.<\/p>\n\n\n\n<p>Bec-Skis s&rsquo;efforce d&rsquo;assurer l&rsquo;exactitude et la mise \u00e0 jour des contenus diffus\u00e9s sur le site, et se r\u00e9serve le droit d&rsquo;en corriger le contenu sans pr\u00e9avis. Bec-Skis d\u00e9cline toute responsabilit\u00e9 concernant les impr\u00e9cisions, inexactitudes ou omissions, ainsi que les dommages directs ou indirects r\u00e9sultant de l&rsquo;acc\u00e8s ou de l&rsquo;impossibilit\u00e9 d&rsquo;acc\u00e9der au site.<\/p>\n\n\n<!-- Propri\u00e9t\u00e9 intellectuelle -->\n\n<h2 class=\"wp-block-heading\" style=\"margin-top:48px;margin-bottom:16px;font-size:clamp(0.984rem, 0.984rem + ((1vw - 0.2rem) * 0.938), 1.5rem);\">Propri\u00e9t\u00e9 intellectuelle &amp; droits d&rsquo;auteur<\/h2>\n\n\n\n<p>L&rsquo;ensemble du contenu de ce site (textes, images, logos, structure) est la propri\u00e9t\u00e9 de Bec-Skis ou de ses fournisseurs et rel\u00e8ve de la l\u00e9gislation fran\u00e7aise et internationale sur le droit d&rsquo;auteur et la propri\u00e9t\u00e9 intellectuelle. La reproduction est autoris\u00e9e \u00e0 titre informatif et strictement personnel. Toute autre reproduction, modification ou utilisation commerciale est interdite sans autorisation pr\u00e9alable et \u00e9crite.<\/p>\n\n\n<!-- Donn\u00e9es personnelles -->\n\n<h2 class=\"wp-block-heading\" style=\"margin-top:48px;margin-bottom:16px;font-size:clamp(0.984rem, 0.984rem + ((1vw - 0.2rem) * 0.938), 1.5rem);\">Traitement des donn\u00e9es personnelles<\/h2>\n\n\n\n<p>Les informations recueillies sur ce site proviennent uniquement de l&rsquo;enregistrement volontaire de la part des visiteurs (par exemple via un formulaire de contact ou par email). Elles ne sont en aucun cas communiqu\u00e9es \u00e0 des tiers et sont utilis\u00e9es exclusivement pour r\u00e9pondre \u00e0 vos demandes.<\/p>\n\n\n\n<p>Conform\u00e9ment au R\u00e8glement g\u00e9n\u00e9ral sur la protection des donn\u00e9es (RGPD) et \u00e0 la loi \u00ab Informatique et Libert\u00e9s \u00bb, vous disposez d&rsquo;un droit d&rsquo;acc\u00e8s, de rectification, de suppression et d&rsquo;opposition aux donn\u00e9es vous concernant. Pour exercer ces droits, contactez-nous \u00e0 l&rsquo;adresse <a href=\"mailto:bec-skis@club-internet.fr\">bec-skis@club-internet.fr<\/a>.<\/p>\n\n\n<!-- Cookies -->\n\n<h2 class=\"wp-block-heading\" style=\"margin-top:48px;margin-bottom:16px;font-size:clamp(0.984rem, 0.984rem + ((1vw - 0.2rem) * 0.938), 1.5rem);\">Cookies<\/h2>\n\n\n\n<p>Ce site n&rsquo;utilise pas de cookies de suivi publicitaire ni de traceurs tiers \u00e0 des fins commerciales. Seuls les cookies techniques strictement n\u00e9cessaires au bon fonctionnement du site (par exemple session de l&rsquo;\u00e9diteur si vous \u00eates connect\u00e9) peuvent \u00eatre utilis\u00e9s, et ne n\u00e9cessitent pas de consentement.<\/p>\n\n\n<!-- Liens externes -->\n\n<h2 class=\"wp-block-heading\" style=\"margin-top:48px;margin-bottom:16px;font-size:clamp(0.984rem, 0.984rem + ((1vw - 0.2rem) * 0.938), 1.5rem);\">Liens hypertextes<\/h2>\n\n\n\n<p>Le site Bec-Skis peut contenir des liens vers d&rsquo;autres sites internet. Bec-Skis n&rsquo;assume aucune responsabilit\u00e9 quant aux contenus de ces sites externes, sur lesquels elle n&rsquo;exerce aucun contr\u00f4le.<\/p>\n\n\n<!-- Cr\u00e9dits -->\n\n<h2 class=\"wp-block-heading\" style=\"margin-top:48px;margin-bottom:16px;font-size:clamp(0.984rem, 0.984rem + ((1vw - 0.2rem) * 0.938), 1.5rem);\">Cr\u00e9dits<\/h2>\n\n\n\n<p>Conception et d\u00e9veloppement&nbsp;: <a href=\"https:\/\/esdi.pro\" target=\"_blank\" rel=\"noopener\">ESDI<\/a>. Ic\u00f4nes&nbsp;: <a href=\"https:\/\/lucide.dev\" target=\"_blank\" rel=\"noopener\">Lucide<\/a>, <a href=\"https:\/\/phosphoricons.com\/\" target=\"_blank\" rel=\"noopener\">Phosphor<\/a>, <a href=\"https:\/\/pictogrammers.com\/library\/mdi\/\" target=\"_blank\" rel=\"noopener\">Material Design Icons<\/a> via <a href=\"https:\/\/iconify.design\" target=\"_blank\" rel=\"noopener\">Iconify<\/a>. Cartographie&nbsp;: <a href=\"https:\/\/www.openstreetmap.org\/\" target=\"_blank\" rel=\"noopener\">OpenStreetMap<\/a> contributeurs.<\/p>\n\n\n<!-- Date de mise \u00e0 jour -->\n\n<hr class=\"wp-block-separator has-text-color has-alpha-channel-opacity has-background\" style=\"background-color:#E8DCC4;color:#E8DCC4\"\/>\n\n\n\n<p class=\"has-text-color\" style=\"color:#3D281777;font-size:clamp(0.875rem, 0.875rem + ((1vw - 0.2rem) * 0.045), 0.9rem);font-style:italic\">Derni\u00e8re mise \u00e0 jour&nbsp;: mai 2026.<\/p>\n\n\n<\/div>\n","protected":false},"excerpt":{"rendered":"<p>\u00c9dition Ce site est \u00e9dit\u00e9 par M. BEC, Le Village \u2014 38250 Corren\u00e7on-en-Vercors, France.T\u00e9l\u00e9phone&nbsp;: 04 76 85 45 86Email&nbsp;: bec-skis@club-internet.fr R\u00e9alisation et h\u00e9bergement du site Soci\u00e9t\u00e9 ESDI, 6 Hameau d&rsquo;Herbefin, 73480 Lanslebourg.T\u00e9l\u00e9phone&nbsp;: 04 79 05 94 20Site&nbsp;: esdi.pro Responsabilit\u00e9 Le propri\u00e9taire assume seul la responsabilit\u00e9 des informations et prestations propos\u00e9es sur ce site. Les prix [&hellip;]<\/p>\n","protected":false},"author":2,"featured_media":0,"parent":0,"menu_order":0,"comment_status":"closed","ping_status":"closed","template":"page-no-title","meta":{"footnotes":""},"class_list":["post-145","page","type-page","status-publish","hentry"],"_links":{"self":[{"href":"https:\/\/becski.esdi.ovh\/index.php\/wp-json\/wp\/v2\/pages\/145","targetHints":{"allow":["GET"]}}],"collection":[{"href":"https:\/\/becski.esdi.ovh\/index.php\/wp-json\/wp\/v2\/pages"}],"about":[{"href":"https:\/\/becski.esdi.ovh\/index.php\/wp-json\/wp\/v2\/types\/page"}],"author":[{"embeddable":true,"href":"https:\/\/becski.esdi.ovh\/index.php\/wp-json\/wp\/v2\/users\/2"}],"replies":[{"embeddable":true,"href":"https:\/\/becski.esdi.ovh\/index.php\/wp-json\/wp\/v2\/comments?post=145"}],"version-history":[{"count":0,"href":"https:\/\/becski.esdi.ovh\/index.php\/wp-json\/wp\/v2\/pages\/145\/revisions"}],"wp:attachment":[{"href":"https:\/\/becski.esdi.ovh\/index.php\/wp-json\/wp\/v2\/media?parent=145"}],"curies":[{"name":"wp","href":"https:\/\/api.w.org\/{rel}","templated":true}]}}