{"id":101,"date":"2026-05-03T17:11:19","date_gmt":"2026-05-03T17:11:19","guid":{"rendered":"https:\/\/mcp.esdi.ovh\/index.php\/reservation\/"},"modified":"2026-05-04T18:36:43","modified_gmt":"2026-05-04T18:36:43","slug":"reservation","status":"publish","type":"page","link":"https:\/\/becski.esdi.ovh\/index.php\/reservation\/","title":{"rendered":"R\u00e9servation"},"content":{"rendered":"\n<div class=\"wp-block-cover alignfull\" style=\"padding-top:96px;padding-right:24px;padding-bottom:96px;padding-left:24px;min-height:480px;aspect-ratio:unset;\"><span aria-hidden=\"true\" class=\"wp-block-cover__background has-background-dim-100 has-background-dim has-background-gradient\" style=\"background:linear-gradient(135deg, #3D2817 0%, #8B3A2E 100%)\"><\/span><div class=\"wp-block-cover__inner-container is-layout-flow wp-block-cover-is-layout-flow\">\n<p class=\"has-text-align-center bec-eyebrow has-text-color\" style=\"color:#C98B5E\">R\u00e9servation en ligne<\/p>\n\n\n\n<h1 class=\"wp-block-heading has-text-align-center has-bec-creme-color has-text-color\" style=\"margin-top:16px;font-size:clamp(2.5rem, 5.5vw, 4rem)\">R\u00e9server votre mat\u00e9riel<\/h1>\n\n\n\n<p class=\"has-text-align-center has-text-color\" style=\"color:#FAF4ECDD;margin-top:24px;font-size:clamp(0.875rem, 0.875rem + ((1vw - 0.2rem) * 0.591), 1.2rem);line-height:1.65\">Choisissez votre magasin et r\u00e9servez en quelques clics. Skis, snowboard, raquettes, ski de fond ou randonn\u00e9e \u2014 tout votre \u00e9quipement, avec valeur de r\u00e9glage des fixations pour plus de s\u00e9curit\u00e9.<\/p>\n<\/div><\/div>\n\n\n\n<div class=\"wp-block-group alignfull has-background has-global-padding is-layout-constrained wp-container-core-group-is-layout-eda38f95 wp-block-group-is-layout-constrained\" style=\"background-color:#FAF4EC;padding-top:96px;padding-right:24px;padding-bottom:96px;padding-left:24px\">\n<p class=\"has-text-align-center bec-eyebrow\">Choisir mon magasin<\/p>\n\n\n\n<h2 class=\"wp-block-heading has-text-align-center\" style=\"margin-top:12px;margin-bottom:16px;font-size:clamp(1.502rem, 1.502rem + ((1vw - 0.2rem) * 1.815), 2.5rem);\">Deux magasins, deux ambiances<\/h2>\n\n\n\n<p class=\"has-text-align-center has-text-color\" style=\"color:#3D281799;margin-bottom:56px\">\u00c0 Corren\u00e7on-en-Vercors, deux magasins \u00e0 votre service depuis 1965.<\/p>\n\n\n\n<div class=\"wp-block-columns is-layout-flex wp-container-core-columns-is-layout-67c09cde wp-block-columns-is-layout-flex\">\n<div class=\"wp-block-column bec-card is-layout-flow wp-block-column-is-layout-flow\" style=\"padding-top:40px;padding-right:40px;padding-bottom:40px;padding-left:40px\">\n<p class=\"bec-eyebrow\">Magasin \u00b7 Le Village<\/p>\n\n\n\n<h3 class=\"wp-block-heading\" style=\"margin-top:8px;margin-bottom:20px;font-size:clamp(1.039rem, 1.039rem + ((1vw - 0.2rem) * 1.02), 1.6rem);\">Le Village<\/h3>\n\n\n\n<p><svg xmlns=\"http:\/\/www.w3.org\/2000\/svg\" viewBox=\"0 0 24 24\" stroke=\"currentColor\" stroke-width=\"2\" fill=\"none\" stroke-linecap=\"round\" stroke-linejoin=\"round\" class=\"esdi-icon\" style=\"width:18px;height:18px;color:currentColor;display:inline-block;vertical-align:middle;flex-shrink:0;\" aria-hidden=\"true\" focusable=\"false\"><g fill=\"none\" stroke=\"currentColor\" stroke-linecap=\"round\" stroke-linejoin=\"round\" stroke-width=\"2\"><path d=\"M20 10c0 4.993-5.539 10.193-7.399 11.799a1 1 0 0 1-1.202 0C9.539 20.193 4 14.993 4 10a8 8 0 0 1 16 0\"\/><circle cx=\"12\" cy=\"10\" r=\"3\"\/><\/g><\/svg> <strong>Les Ritons<\/strong><br>38250 Corren\u00e7on-en-Vercors<\/p>\n\n\n\n<p><svg xmlns=\"http:\/\/www.w3.org\/2000\/svg\" viewBox=\"0 0 24 24\" stroke=\"currentColor\" stroke-width=\"2\" fill=\"none\" stroke-linecap=\"round\" stroke-linejoin=\"round\" class=\"esdi-icon\" style=\"width:18px;height:18px;color:currentColor;display:inline-block;vertical-align:middle;flex-shrink:0;\" aria-hidden=\"true\" focusable=\"false\"><path fill=\"none\" stroke=\"currentColor\" stroke-linecap=\"round\" stroke-linejoin=\"round\" stroke-width=\"2\" d=\"M13.832 16.568a1 1 0 0 0 1.213-.303l.355-.465A2 2 0 0 1 17 15h3a2 2 0 0 1 2 2v3a2 2 0 0 1-2 2A18 18 0 0 1 2 4a2 2 0 0 1 2-2h3a2 2 0 0 1 2 2v3a2 2 0 0 1-.8 1.6l-.468.351a1 1 0 0 0-.292 1.233a14 14 0 0 0 6.392 6.384\"\/><\/svg> <a href=\"tel:+33476854586\">04 76 85 45 86<\/a><\/p>\n\n\n\n<p class=\"has-text-color\" style=\"color:#4A5D3A;margin-top:16px;font-size:clamp(0.875rem, 0.875rem + ((1vw - 0.2rem) * 0.136), 0.95rem);font-style:italic\"><svg xmlns=\"http:\/\/www.w3.org\/2000\/svg\" viewBox=\"0 0 24 24\" stroke=\"currentColor\" stroke-width=\"2\" fill=\"none\" stroke-linecap=\"round\" stroke-linejoin=\"round\" class=\"esdi-icon\" style=\"width:16px;height:16px;color:currentColor;display:inline-block;vertical-align:middle;flex-shrink:0;\" aria-hidden=\"true\" focusable=\"false\"><g fill=\"none\" stroke=\"currentColor\" stroke-linecap=\"round\" stroke-linejoin=\"round\" stroke-width=\"2\"><path d=\"M11.017 2.814a1 1 0 0 1 1.966 0l1.051 5.558a2 2 0 0 0 1.594 1.594l5.558 1.051a1 1 0 0 1 0 1.966l-5.558 1.051a2 2 0 0 0-1.594 1.594l-1.051 5.558a1 1 0 0 1-1.966 0l-1.051-5.558a2 2 0 0 0-1.594-1.594l-5.558-1.051a1 1 0 0 1 0-1.966l5.558-1.051a2 2 0 0 0 1.594-1.594zM20 2v4m2-2h-4\"\/><circle cx=\"4\" cy=\"20\" r=\"2\"\/><\/g><\/svg> \u00c0 100m de la zone d\u00e9butante et du jardin de neige \u00ab Les Pious-Pious \u00bb.<\/p>\n\n\n\n<hr class=\"wp-block-separator has-text-color has-alpha-channel-opacity has-background\" style=\"background-color:#E8DCC4;color:#E8DCC4\"\/>\n\n\n\n<h4 class=\"wp-block-heading has-text-color\" style=\"color:#3D281799;margin-top:24px;margin-bottom:12px;font-size:clamp(0.875rem, 0.875rem + ((1vw - 0.2rem) * 0.227), 1rem);font-weight:600;letter-spacing:0.1em;text-transform:uppercase\">Horaires<\/h4>\n\n\n\n<p style=\"font-size:clamp(0.875rem, 0.875rem + ((1vw - 0.2rem) * 0.136), 0.95rem);line-height:1.7\"><strong>Vacances scolaires &amp; week-end<\/strong><br>8h30 \u2192 19h00<br><br><strong>Semaine hors vacances<\/strong><br>8h30 \u2192 12h00 \u00b7 13h30 \u2192 18h00<\/p>\n\n\n\n<div class=\"wp-block-buttons is-layout-flex wp-block-buttons-is-layout-flex\" style=\"margin-top:32px\">\n<div class=\"wp-block-button has-custom-width wp-block-button__width-100\"><a class=\"wp-block-button__link has-bec-creme-color has-bec-brique-background-color has-text-color has-background has-custom-font-size wp-element-button\" href=\"https:\/\/locski.com\/\" style=\"padding-top:16px;padding-right:32px;padding-bottom:16px;padding-left:32px;font-size:clamp(0.875rem, 0.875rem + ((1vw - 0.2rem) * 0.227), 1rem);\" target=\"_blank\" rel=\"noopener\">R\u00e9server \u2014 Le Village<\/a><\/div>\n<\/div>\n<\/div>\n\n\n\n<div class=\"wp-block-column bec-card is-layout-flow wp-block-column-is-layout-flow\" style=\"padding-top:40px;padding-right:40px;padding-bottom:40px;padding-left:40px\">\n<p class=\"bec-eyebrow\">Magasin \u00b7 Clos de la Balme<\/p>\n\n\n\n<h3 class=\"wp-block-heading\" style=\"margin-top:8px;margin-bottom:20px;font-size:clamp(1.039rem, 1.039rem + ((1vw - 0.2rem) * 1.02), 1.6rem);\">Clos de la Balme<\/h3>\n\n\n\n<p><svg xmlns=\"http:\/\/www.w3.org\/2000\/svg\" viewBox=\"0 0 24 24\" stroke=\"currentColor\" stroke-width=\"2\" fill=\"none\" stroke-linecap=\"round\" stroke-linejoin=\"round\" class=\"esdi-icon\" style=\"width:18px;height:18px;color:currentColor;display:inline-block;vertical-align:middle;flex-shrink:0;\" aria-hidden=\"true\" focusable=\"false\"><g fill=\"none\" stroke=\"currentColor\" stroke-linecap=\"round\" stroke-linejoin=\"round\" stroke-width=\"2\"><path d=\"M20 10c0 4.993-5.539 10.193-7.399 11.799a1 1 0 0 1-1.202 0C9.539 20.193 4 14.993 4 10a8 8 0 0 1 16 0\"\/><circle cx=\"12\" cy=\"10\" r=\"3\"\/><\/g><\/svg> <strong>Porte d&rsquo;entr\u00e9e espace Villard Corren\u00e7on<\/strong><br>Clos de la Balme \u2014 38250 Corren\u00e7on-en-Vercors<\/p>\n\n\n\n<p><svg xmlns=\"http:\/\/www.w3.org\/2000\/svg\" viewBox=\"0 0 24 24\" stroke=\"currentColor\" stroke-width=\"2\" fill=\"none\" stroke-linecap=\"round\" stroke-linejoin=\"round\" class=\"esdi-icon\" style=\"width:18px;height:18px;color:currentColor;display:inline-block;vertical-align:middle;flex-shrink:0;\" aria-hidden=\"true\" focusable=\"false\"><path fill=\"none\" stroke=\"currentColor\" stroke-linecap=\"round\" stroke-linejoin=\"round\" stroke-width=\"2\" d=\"M13.832 16.568a1 1 0 0 0 1.213-.303l.355-.465A2 2 0 0 1 17 15h3a2 2 0 0 1 2 2v3a2 2 0 0 1-2 2A18 18 0 0 1 2 4a2 2 0 0 1 2-2h3a2 2 0 0 1 2 2v3a2 2 0 0 1-.8 1.6l-.468.351a1 1 0 0 0-.292 1.233a14 14 0 0 0 6.392 6.384\"\/><\/svg> <a href=\"tel:+33476958464\">04 76 95 84 64<\/a><\/p>\n\n\n\n<p class=\"has-text-color\" style=\"color:#4A5D3A;margin-top:16px;font-size:clamp(0.875rem, 0.875rem + ((1vw - 0.2rem) * 0.136), 0.95rem);font-style:italic\"><svg xmlns=\"http:\/\/www.w3.org\/2000\/svg\" viewBox=\"0 0 24 24\" stroke=\"currentColor\" stroke-width=\"2\" fill=\"none\" stroke-linecap=\"round\" stroke-linejoin=\"round\" class=\"esdi-icon\" style=\"width:16px;height:16px;color:currentColor;display:inline-block;vertical-align:middle;flex-shrink:0;\" aria-hidden=\"true\" focusable=\"false\"><path fill=\"none\" stroke=\"currentColor\" stroke-linecap=\"round\" stroke-linejoin=\"round\" stroke-width=\"2\" d=\"m8 3l4 8l5-5l5 15H2z\"\/><\/svg> Au pied du d\u00e9part du grand domaine.<\/p>\n\n\n\n<hr class=\"wp-block-separator has-text-color has-alpha-channel-opacity has-background\" style=\"background-color:#E8DCC4;color:#E8DCC4\"\/>\n\n\n\n<h4 class=\"wp-block-heading has-text-color\" style=\"color:#3D281799;margin-top:24px;margin-bottom:12px;font-size:clamp(0.875rem, 0.875rem + ((1vw - 0.2rem) * 0.227), 1rem);font-weight:600;letter-spacing:0.1em;text-transform:uppercase\">Horaires<\/h4>\n\n\n\n<p style=\"font-size:clamp(0.875rem, 0.875rem + ((1vw - 0.2rem) * 0.136), 0.95rem);line-height:1.7\"><strong>Vacances scolaires &amp; week-end<\/strong><br>8h30 \u2192 18h00<br><br><strong>Semaine hors vacances<\/strong><br>8h30 \u2192 12h00 \u00b7 13h00 \u2192 17h15<\/p>\n\n\n\n<div class=\"wp-block-buttons is-layout-flex wp-block-buttons-is-layout-flex\" style=\"margin-top:32px\">\n<div class=\"wp-block-button has-custom-width wp-block-button__width-100\"><a class=\"wp-block-button__link has-bec-creme-color has-bec-brique-background-color has-text-color has-background has-custom-font-size wp-element-button\" href=\"https:\/\/locski.com\/\" style=\"padding-top:16px;padding-right:32px;padding-bottom:16px;padding-left:32px;font-size:clamp(0.875rem, 0.875rem + ((1vw - 0.2rem) * 0.227), 1rem);\" target=\"_blank\" rel=\"noopener\">R\u00e9server \u2014 Clos de la Balme<\/a><\/div>\n<\/div>\n<\/div>\n<\/div>\n\n\n\n<p class=\"has-text-align-center has-text-color\" style=\"color:#3D281777;margin-top:32px;font-size:clamp(0.875rem, 0.875rem + ((1vw - 0.2rem) * 0.045), 0.9rem);font-style:italic\">Ces horaires sont susceptibles de varier selon la saison.<\/p>\n<\/div>\n\n\n\n<div class=\"wp-block-cover alignfull\" style=\"padding-top:96px;padding-right:24px;padding-bottom:96px;padding-left:24px;min-height:380px;aspect-ratio:unset;\"><span aria-hidden=\"true\" class=\"wp-block-cover__background has-background-dim-100 has-background-dim has-background-gradient\" style=\"background:linear-gradient(135deg, #4A5D3A 0%, #3D2817 100%)\"><\/span><div class=\"wp-block-cover__inner-container is-layout-flow wp-block-cover-is-layout-flow\">\n<p class=\"has-text-align-center bec-eyebrow has-text-color\" style=\"color:#C98B5E\">Bon \u00e0 savoir<\/p>\n\n\n\n<h2 class=\"wp-block-heading has-text-align-center has-bec-creme-color has-text-color\" style=\"margin-top:12px;margin-bottom:56px;font-size:clamp(1.378rem, 1.378rem + ((1vw - 0.2rem) * 1.585), 2.25rem);\">Comment \u00e7a se passe<\/h2>\n\n\n\n<div class=\"wp-block-columns is-layout-flex wp-container-core-columns-is-layout-67c09cde wp-block-columns-is-layout-flex\">\n<div class=\"wp-block-column is-layout-flow wp-block-column-is-layout-flow\">\n<p class=\"has-text-align-center has-text-color\" style=\"color:#C98B5E;font-size:clamp(1.743rem, 1.743rem + ((1vw - 0.2rem) * 2.285), 3rem);line-height:1\"><svg xmlns=\"http:\/\/www.w3.org\/2000\/svg\" viewBox=\"0 0 24 24\" stroke=\"currentColor\" stroke-width=\"2\" fill=\"none\" stroke-linecap=\"round\" stroke-linejoin=\"round\" class=\"esdi-icon\" style=\"width:48px;height:48px;color:currentColor;display:inline-block;vertical-align:middle;flex-shrink:0;\" aria-hidden=\"true\" focusable=\"false\"><g fill=\"none\" stroke=\"currentColor\" stroke-linecap=\"round\" stroke-linejoin=\"round\" stroke-width=\"2\"><circle cx=\"12\" cy=\"12\" r=\"10\"\/><path d=\"M12 6v6l4 2\"\/><\/g><\/svg><\/p>\n\n\n\n<h3 class=\"wp-block-heading has-text-align-center has-bec-creme-color has-text-color\" style=\"margin-top:16px;margin-bottom:12px;font-size:clamp(0.875rem, 0.875rem + ((1vw - 0.2rem) * 0.682), 1.25rem);\">Formule LOCFLEX 4h<\/h3>\n\n\n\n<p class=\"has-text-align-center has-text-color\" style=\"color:#FAF4ECCC;font-size:clamp(0.875rem, 0.875rem + ((1vw - 0.2rem) * 0.136), 0.95rem);line-height:1.65\">Plus de demi-journ\u00e9e \u00e0 heure fixe : 4h00 cons\u00e9cutives \u00e0 l&rsquo;heure de votre choix sur toutes nos locations.<\/p>\n<\/div>\n\n\n\n<div class=\"wp-block-column is-layout-flow wp-block-column-is-layout-flow\">\n<p class=\"has-text-align-center has-text-color\" style=\"color:#C98B5E;font-size:clamp(1.743rem, 1.743rem + ((1vw - 0.2rem) * 2.285), 3rem);line-height:1\"><svg xmlns=\"http:\/\/www.w3.org\/2000\/svg\" viewBox=\"0 0 24 24\" stroke=\"currentColor\" stroke-width=\"2\" fill=\"none\" stroke-linecap=\"round\" stroke-linejoin=\"round\" class=\"esdi-icon\" style=\"width:48px;height:48px;color:currentColor;display:inline-block;vertical-align:middle;flex-shrink:0;\" aria-hidden=\"true\" focusable=\"false\"><g fill=\"none\" stroke=\"currentColor\" stroke-linecap=\"round\" stroke-linejoin=\"round\" stroke-width=\"2\"><path d=\"M20 13c0 5-3.5 7.5-7.66 8.95a1 1 0 0 1-.67-.01C7.5 20.5 4 18 4 13V6a1 1 0 0 1 1-1c2 0 4.5-1.2 6.24-2.72a1.17 1.17 0 0 1 1.52 0C14.51 3.81 17 5 19 5a1 1 0 0 1 1 1z\"\/><path d=\"m9 12l2 2l4-4\"\/><\/g><\/svg><\/p>\n\n\n\n<h3 class=\"wp-block-heading has-text-align-center has-bec-creme-color has-text-color\" style=\"margin-top:16px;margin-bottom:12px;font-size:clamp(0.875rem, 0.875rem + ((1vw - 0.2rem) * 0.682), 1.25rem);\">S\u00e9curit\u00e9 fixations<\/h3>\n\n\n\n<p class=\"has-text-align-center has-text-color\" style=\"color:#FAF4ECCC;font-size:clamp(0.875rem, 0.875rem + ((1vw - 0.2rem) * 0.136), 0.95rem);line-height:1.65\">R\u00e9glage des fixations avec valeur pr\u00e9cise selon votre niveau, votre poids et votre taille.<\/p>\n<\/div>\n\n\n\n<div class=\"wp-block-column is-layout-flow wp-block-column-is-layout-flow\">\n<p class=\"has-text-align-center has-text-color\" style=\"color:#C98B5E;font-size:clamp(1.743rem, 1.743rem + ((1vw - 0.2rem) * 2.285), 3rem);line-height:1\"><svg xmlns=\"http:\/\/www.w3.org\/2000\/svg\" viewBox=\"0 0 24 24\" stroke=\"currentColor\" stroke-width=\"2\" fill=\"none\" stroke-linecap=\"round\" stroke-linejoin=\"round\" class=\"esdi-icon\" style=\"width:48px;height:48px;color:currentColor;display:inline-block;vertical-align:middle;flex-shrink:0;\" aria-hidden=\"true\" focusable=\"false\"><g fill=\"none\" stroke=\"currentColor\" stroke-linecap=\"round\" stroke-linejoin=\"round\" stroke-width=\"2\"><rect x=\"2\" y=\"5\" rx=\"2\"\/><path d=\"M2 10h20\"\/><\/g><\/svg><\/p>\n\n\n\n<h3 class=\"wp-block-heading has-text-align-center has-bec-creme-color has-text-color\" style=\"margin-top:16px;margin-bottom:12px;font-size:clamp(0.875rem, 0.875rem + ((1vw - 0.2rem) * 0.682), 1.25rem);\">Moyens de paiement<\/h3>\n\n\n\n<p class=\"has-text-align-center has-text-color\" style=\"color:#FAF4ECCC;font-size:clamp(0.875rem, 0.875rem + ((1vw - 0.2rem) * 0.136), 0.95rem);line-height:1.65\">Esp\u00e8ces, carte bancaire, ch\u00e8ques vacances et ch\u00e8ques accept\u00e9s en magasin.<\/p>\n<\/div>\n<\/div>\n<\/div><\/div>\n\n\n\n<div class=\"wp-block-group alignfull has-bec-creme-2-background-color has-background has-global-padding is-layout-constrained wp-container-core-group-is-layout-eda38f95 wp-block-group-is-layout-constrained\" style=\"padding-top:96px;padding-right:24px;padding-bottom:96px;padding-left:24px\">\n<div class=\"wp-block-columns are-vertically-aligned-center is-layout-flex wp-container-core-columns-is-layout-4a938530 wp-block-columns-is-layout-flex\">\n<div class=\"wp-block-column is-vertically-aligned-center is-layout-flow wp-block-column-is-layout-flow\">\n<p class=\"bec-eyebrow\">Une question avant de r\u00e9server ?<\/p>\n\n\n\n<h2 class=\"wp-block-heading\" style=\"margin-top:12px;margin-bottom:24px;font-size:clamp(1.378rem, 1.378rem + ((1vw - 0.2rem) * 1.585), 2.25rem);\">On prend le temps de bien faire les choses<\/h2>\n\n\n\n<p>Notre \u00e9quipe de skimans qualifi\u00e9s est l\u00e0 pour vous conseiller sur le choix de votre mat\u00e9riel \u2014 niveau, sensations recherch\u00e9es, conditions de neige. N&rsquo;h\u00e9sitez pas \u00e0 passer en magasin ou \u00e0 nous appeler.<\/p>\n\n\n\n<div class=\"wp-block-buttons is-layout-flex wp-block-buttons-is-layout-flex\" style=\"margin-top:24px\">\n<div class=\"wp-block-button\"><a class=\"wp-block-button__link has-bec-creme-color has-bec-bois-background-color has-text-color has-background wp-element-button\" href=\"\/index.php\/acces\/\">Voir l&rsquo;acc\u00e8s &amp; coordonn\u00e9es<\/a><\/div>\n\n\n\n<div class=\"wp-block-button is-style-outline is-style-outline--1\"><a class=\"wp-block-button__link has-bec-bois-color has-text-color wp-element-button\" href=\"\/index.php\/nos-services\/\" style=\"border-width:2px\">Voir nos services<\/a><\/div>\n<\/div>\n<\/div>\n\n\n\n<div class=\"wp-block-column is-vertically-aligned-center is-layout-flow wp-block-column-is-layout-flow\">\n<div class=\"wp-block-group bec-card is-layout-flow wp-block-group-is-layout-flow\" style=\"padding-top:40px;padding-right:40px;padding-bottom:40px;padding-left:40px\">\n<p class=\"bec-eyebrow\">Contact rapide<\/p>\n\n\n\n<p style=\"margin-top:12px;font-size:clamp(0.875rem, 0.875rem + ((1vw - 0.2rem) * 0.318), 1.05rem);\"><svg xmlns=\"http:\/\/www.w3.org\/2000\/svg\" viewBox=\"0 0 24 24\" stroke=\"currentColor\" stroke-width=\"2\" fill=\"none\" stroke-linecap=\"round\" stroke-linejoin=\"round\" class=\"esdi-icon\" style=\"width:18px;height:18px;color:currentColor;display:inline-block;vertical-align:middle;flex-shrink:0;\" aria-hidden=\"true\" focusable=\"false\"><path fill=\"none\" stroke=\"currentColor\" stroke-linecap=\"round\" stroke-linejoin=\"round\" stroke-width=\"2\" d=\"M13.832 16.568a1 1 0 0 0 1.213-.303l.355-.465A2 2 0 0 1 17 15h3a2 2 0 0 1 2 2v3a2 2 0 0 1-2 2A18 18 0 0 1 2 4a2 2 0 0 1 2-2h3a2 2 0 0 1 2 2v3a2 2 0 0 1-.8 1.6l-.468.351a1 1 0 0 0-.292 1.233a14 14 0 0 0 6.392 6.384\"\/><\/svg> <strong>Le Village<\/strong><br><a href=\"tel:+33476854586\">04 76 85 45 86<\/a><\/p>\n\n\n\n<p style=\"font-size:clamp(0.875rem, 0.875rem + ((1vw - 0.2rem) * 0.318), 1.05rem);\"><svg xmlns=\"http:\/\/www.w3.org\/2000\/svg\" viewBox=\"0 0 24 24\" stroke=\"currentColor\" stroke-width=\"2\" fill=\"none\" stroke-linecap=\"round\" stroke-linejoin=\"round\" class=\"esdi-icon\" style=\"width:18px;height:18px;color:currentColor;display:inline-block;vertical-align:middle;flex-shrink:0;\" aria-hidden=\"true\" focusable=\"false\"><path fill=\"none\" stroke=\"currentColor\" stroke-linecap=\"round\" stroke-linejoin=\"round\" stroke-width=\"2\" d=\"M13.832 16.568a1 1 0 0 0 1.213-.303l.355-.465A2 2 0 0 1 17 15h3a2 2 0 0 1 2 2v3a2 2 0 0 1-2 2A18 18 0 0 1 2 4a2 2 0 0 1 2-2h3a2 2 0 0 1 2 2v3a2 2 0 0 1-.8 1.6l-.468.351a1 1 0 0 0-.292 1.233a14 14 0 0 0 6.392 6.384\"\/><\/svg> <strong>Clos de la Balme<\/strong><br><a href=\"tel:+33476958464\">04 76 95 84 64<\/a><\/p>\n\n\n\n<p style=\"font-size:clamp(0.875rem, 0.875rem + ((1vw - 0.2rem) * 0.318), 1.05rem);\"><svg xmlns=\"http:\/\/www.w3.org\/2000\/svg\" viewBox=\"0 0 24 24\" stroke=\"currentColor\" stroke-width=\"2\" fill=\"none\" stroke-linecap=\"round\" stroke-linejoin=\"round\" class=\"esdi-icon\" style=\"width:18px;height:18px;color:currentColor;display:inline-block;vertical-align:middle;flex-shrink:0;\" aria-hidden=\"true\" focusable=\"false\"><g fill=\"none\" stroke=\"currentColor\" stroke-linecap=\"round\" stroke-linejoin=\"round\" stroke-width=\"2\"><path d=\"m22 7l-8.991 5.727a2 2 0 0 1-2.009 0L2 7\"\/><rect x=\"2\" y=\"4\" rx=\"2\"\/><\/g><\/svg> <a href=\"mailto:bec-skis@club-internet.fr\">bec-skis@club-internet.fr<\/a><\/p>\n<\/div>\n<\/div>\n<\/div>\n<\/div>\n","protected":false},"excerpt":{"rendered":"<p>Choisir mon magasin Deux magasins, deux ambiances \u00c0 Corren\u00e7on-en-Vercors, deux magasins \u00e0 votre service depuis 1965. Magasin \u00b7 Le Village Le Village Les Ritons38250 Corren\u00e7on-en-Vercors 04 76 85 45 86 \u00c0 100m de la zone d\u00e9butante et du jardin de neige \u00ab Les Pious-Pious \u00bb. Horaires Vacances scolaires &amp; week-end8h30 \u2192 19h00 Semaine hors vacances8h30 [&hellip;]<\/p>\n","protected":false},"author":2,"featured_media":0,"parent":0,"menu_order":0,"comment_status":"closed","ping_status":"closed","template":"page-no-title","meta":{"footnotes":""},"class_list":["post-101","page","type-page","status-publish","hentry"],"_links":{"self":[{"href":"https:\/\/becski.esdi.ovh\/index.php\/wp-json\/wp\/v2\/pages\/101","targetHints":{"allow":["GET"]}}],"collection":[{"href":"https:\/\/becski.esdi.ovh\/index.php\/wp-json\/wp\/v2\/pages"}],"about":[{"href":"https:\/\/becski.esdi.ovh\/index.php\/wp-json\/wp\/v2\/types\/page"}],"author":[{"embeddable":true,"href":"https:\/\/becski.esdi.ovh\/index.php\/wp-json\/wp\/v2\/users\/2"}],"replies":[{"embeddable":true,"href":"https:\/\/becski.esdi.ovh\/index.php\/wp-json\/wp\/v2\/comments?post=101"}],"version-history":[{"count":1,"href":"https:\/\/becski.esdi.ovh\/index.php\/wp-json\/wp\/v2\/pages\/101\/revisions"}],"predecessor-version":[{"id":126,"href":"https:\/\/becski.esdi.ovh\/index.php\/wp-json\/wp\/v2\/pages\/101\/revisions\/126"}],"wp:attachment":[{"href":"https:\/\/becski.esdi.ovh\/index.php\/wp-json\/wp\/v2\/media?parent=101"}],"curies":[{"name":"wp","href":"https:\/\/api.w.org\/{rel}","templated":true}]}}